{"id":595,"date":"2022-11-23T11:37:19","date_gmt":"2022-11-23T09:37:19","guid":{"rendered":"https:\/\/praxis-weissenhorner.de\/?page_id=595"},"modified":"2024-10-12T20:27:19","modified_gmt":"2024-10-12T18:27:19","slug":"cookie-richtlinie-eu","status":"publish","type":"page","link":"https:\/\/praxis-weissenhorner.de\/?page_id=595","title":{"rendered":"Cookie-Richtlinie (EU)"},"content":{"rendered":"\n<p><em>Diese Cookie-Richtlinie wurde zuletzt am 2. Februar 2024 aktualisiert und gilt f\u00fcr B\u00fcrger und Einwohner mit st\u00e4ndigem Wohnsitz im Europ\u00e4ischen Wirtschaftsraum und der Schweiz.<\/em><\/p>\n\n\n\n<h2 class=\"wp-block-heading\">1. Einf\u00fchrung<\/h2>\n\n\n\n<p>Meine Website, <a href=\"https:\/\/praxis-weissenhorner.de\/\">https:\/\/praxis-weissenhorner.de<\/a> (im folgenden: \u201eDie Website\u201c) verwendet Cookies und \u00e4hnliche Technologien (der Einfachheit halber werden all diese unter \u201eCookies\u201c zusammengefasst). Cookies werden au\u00dferdem von mir beauftragten Drittparteien platziert. In dem unten stehendem Dokument informiere ich Sie \u00fcber die Verwendung von Cookies auf meiner Website.<\/p>\n\n\n\n<h2 class=\"wp-block-heading\">2. Was sind Cookies?<\/h2>\n\n\n\n<p>Ein Cookie ist eine einfache kleine Datei, die gemeinsam mit den Seiten einer Internetadresse versendet und vom Webbrowser auf dem PC oder einem anderen Ger\u00e4t gespeichert werden kann. Die darin gespeicherten Informationen k\u00f6nnen w\u00e4hrend folgender Besuche zu meinen oder den Servern relevanter Drittanbieter gesendet werden.<\/p>\n\n\n\n<h2 class=\"wp-block-heading\">3. Was sind Skripte?<\/h2>\n\n\n\n<p>Ein Script ist ein St\u00fcck Programmcode, das benutzt wird, um meiner Website Funktionalit\u00e4t und Interaktivit\u00e4t zu erm\u00f6glichen. Dieser Code wird auf meinen Servern oder auf Ihrem Ger\u00e4t ausgef\u00fchrt.<\/p>\n\n\n\n<h2 class=\"wp-block-heading\">4. Was ist ein Web Beacon?<\/h2>\n\n\n\n<p>Ein Web-Beacon (auch Pixel-Tag genannt), ist ein kleines unsichtbares Textfragment oder Bild auf einer Website, das benutzt wird, um den Verkehr auf der Website zu \u00fcberwachen. Um dies zu erm\u00f6glichen werden diverse Daten von Ihnen mittels Web-Beacons gespeichert.<\/p>\n\n\n\n<h2 class=\"wp-block-heading\">5. Cookies<\/h2>\n\n\n\n<p>5.1 Technische oder funktionelle Cookies<\/p>\n\n\n\n<p>Einige Cookies stellen sicher, dass Teile meiner Website richtig funktionieren und Ihre Nutzervorlieben bekannt bleiben. Durch das Platzieren funktionaler Cookies mache ich es Ihnen einfacher meine Website zu besuchen. Auf diese Weise m\u00fcssen Sie bei Besuchen meiner Website nicht wiederholt die gleichen Informationen eingeben, oder Ihre Gegenst\u00e4nde bleiben beispielsweise in Ihrem Warenkorb bis Sie bezahlen. Ich kann diese Cookies ohne Ihr Einverst\u00e4ndnis platzieren.<\/p>\n\n\n\n<p>5.2 Analytische Cookies<\/p>\n\n\n\n<p>Ich verwende analytische Cookies, um das Website-Erlebnis f\u00fcr Sie als Nutzer zu optimieren. Mit diesen analytischen Cookies erhalte ich Einblicke in die Nutzung meiner Website.&nbsp;Ich bitte um Ihre Erlaubnis, analytische Cookies zu setzen.<\/p>\n\n\n\n<p>5.3 Marketing- \/ Tracking-Cookies<\/p>\n\n\n\n<p>Marketing- \/ Tracking-Cookies sind Cookies oder eine andere Form der lokalen Speicherung, die zur Erstellung von Benutzerprofilen verwendet werden, um Werbung anzuzeigen oder den Benutzer auf dieser Website oder \u00fcber mehrere Websites hinweg f\u00fcr \u00e4hnliche Marketingzwecke zu verfolgen.<\/p>\n\n\n\n<h2 class=\"wp-block-heading\">6. Platzierte Cookies<\/h2>\n\n\n\n<h3 class=\"wp-block-heading\">Complianz<\/h3>\n\n\n\n<p>Funktional<\/p>\n\n\n\n<p>Consent to service complianz<\/p>\n\n\n\n<h3 class=\"wp-block-heading\">Google Fonts<\/h3>\n\n\n\n<p>Marketing\/Tracking<\/p>\n\n\n\n<p>Consent to service google-fonts<\/p>\n\n\n\n<h3 class=\"wp-block-heading\">Sonstiges<\/h3>\n\n\n\n<p>Gegenstand der Untersuchung<\/p>\n\n\n\n<p>Consent to service sonstiges<\/p>\n\n\n\n<h2 class=\"wp-block-heading\">7. Zustimmung<\/h2>\n\n\n\n<p>Wenn Sie meine Website das erste Mal besuchen, zeige ich Ihnen ein Pop-Up mit einer Erkl\u00e4rung \u00fcber Cookies. Sobald Sie auf \u201eEinstellungen speichern\u201c klicken, geben Sie mir Ihr Einverst\u00e4ndnis, alle von Ihnen gew\u00e4hlten Kategorien von Cookies und Plugins wie in dieser Cookie-Erkl\u00e4rung beschrieben zu verwenden. Sie k\u00f6nnen die Verwendung von Cookies \u00fcber Ihren Browser deaktivieren, aber bitte beachten Sie, dass meine Website dann unter Umst\u00e4nden nicht richtig funktioniert.<\/p>\n\n\n\n<p>7.1 Verwalte deine Zustimmungseinstellungen<\/p>\n\n\n\n<p>[object Object]<\/p>\n\n\n\n<h2 class=\"wp-block-heading\">8. Aktivierung\/Deaktivierung und L\u00f6schen von Cookies<\/h2>\n\n\n\n<p>Sie k\u00f6nnen Ihren Internetbrowser verwenden um automatisch oder manuell Cookies zu l\u00f6schen. Sie k\u00f6nnen au\u00dferdem spezifizieren ob spezielle Cookies nicht platziert werden sollen. Eine andere M\u00f6glichkeit ist es, Ihren Internetbrowser derart einzurichten, dass Sie jedes Mal benachrichtigt werden, wenn ein Cookie platziert wird. F\u00fcr weitere Information \u00fcber diese M\u00f6glichkeiten beachten Sie die Anweisungen in der Hilfesektion Ihres Browsers.<\/p>\n\n\n\n<p>Bitte nehmen Sie zur Kenntnis, dass meine Website m\u00f6glicherweise nicht richtig funktioniert, wenn alle Cookies deaktiviert sind. Wenn Sie die Cookies in Ihrem Browser l\u00f6schen, werden diese neu platziert, wenn Sie meine Website erneut besuchen.<\/p>\n\n\n\n<h2 class=\"wp-block-heading\">9. Ihre Rechte in Bezug auf pers\u00f6nliche Daten<\/h2>\n\n\n\n<p>Sie haben in Bezug auf Ihre pers\u00f6nlichen Daten die folgenden Rechte:<\/p>\n\n\n\n<ul class=\"wp-block-list\">\n<li>Sie haben das Recht zu wissen, warum Ihre pers\u00f6nlichen Daten gebraucht werden, was mit ihnen passiert und wie lange diese verwahrt werden.<\/li>\n\n\n\n<li>Zugriffsrecht: Sie haben das Recht, Ihre uns bekannten pers\u00f6nlichen Daten einzusehen.<\/li>\n\n\n\n<li>Recht auf Berichtigung: Sie haben das Recht, wann immer Sie w\u00fcnschen, Ihre pers\u00f6nlichen Daten zu erg\u00e4nzen, zu korrigieren sowie gel\u00f6scht oder blockiert zu bekommen.<\/li>\n\n\n\n<li>Wenn Sie uns Ihr Einverst\u00e4ndnis zur Verarbeitung Ihrer Daten gegeben haben, haben Sie das Recht dieses Einverst\u00e4ndnis zu widerrufen und Ihre pers\u00f6nlichen Daten l\u00f6schen zu lassen.<\/li>\n\n\n\n<li>Recht auf Datentransfer Ihrer Daten: Sie haben das Recht, alle Ihre pers\u00f6nlichen Daten von einem Kontrolleur anzufordern und in ihrer Gesamtheit zu einem anderen Kontrolleur zu transferieren.<\/li>\n\n\n\n<li>Widerspruchsrecht: Sie k\u00f6nnen der Verarbeitung Ihrer Daten widersprechen. Ich entspreche dem, es sei denn es gibt berechtigte Gr\u00fcnde f\u00fcr die Verarbeitung.<\/li>\n<\/ul>\n\n\n\n<p>Um diese Rechte auszu\u00fcben, kontaktieren Sie uns bitte. Bitte beziehen Sie sich auf die Kontaktdaten am Ende dieser Cookie-Erkl\u00e4rung. Wenn Sie eine Beschwerde dar\u00fcber haben, wie ich Ihre Daten behandele, w\u00fcrde ich diese gerne h\u00f6ren, aber Sie haben auch das Recht, diese an die Aufsichtsbeh\u00f6rde (Datenschutzbeh\u00f6rde) zu richten.<\/p>\n\n\n\n<h2 class=\"wp-block-heading\">10. Kontaktdaten<\/h2>\n\n\n\n<p>F\u00fcr Fragen und\/oder Kommentare \u00fcber unsere Cookie-Richtlinien und diese Aussage kontaktieren Sie mich bitte mittels der folgenden Kontaktdaten:<\/p>\n\n\n\n<p>Tatjana Wei\u00dfenhorner<br>Stauffenbergstrasse 5<br>89233 Neu-Ulm \/ Pfuhl<br>Deutschland<br>Website: <a href=\"https:\/\/praxis-weissenhorner.de\/\">https:\/\/praxis-weissenhorner.de<\/a><br>E-Mail:<\/p>\n\n\n\n<p>Diese Cookie-Richtlinie wurde mit <a href=\"https:\/\/cookiedatabase.org\/\">cookiedatabase.org<\/a> am 23. November 2022 synchronisiert.<\/p>\n","protected":false},"excerpt":{"rendered":"<p>Diese Cookie-Richtlinie wurde zuletzt am 2. Februar 2024 aktualisiert und gilt f\u00fcr B\u00fcrger und Einwohner mit st\u00e4ndigem Wohnsitz im Europ\u00e4ischen Wirtschaftsraum und der Schweiz. 1. Einf\u00fchrung Meine Website, https:\/\/praxis-weissenhorner.de (im folgenden: \u201eDie Website\u201c) verwendet Cookies und \u00e4hnliche Technologien (der Einfachheit halber werden all diese unter \u201eCookies\u201c zusammengefasst). Cookies werden au\u00dferdem&#8230;<\/p>\n<p> <a class=\"continue-reading-link\" href=\"https:\/\/praxis-weissenhorner.de\/?page_id=595\"><span>Continue reading<\/span><i class=\"crycon-right-dir\"><\/i><\/a> <\/p>\n","protected":false},"author":1,"featured_media":0,"parent":0,"menu_order":0,"comment_status":"closed","ping_status":"closed","template":"","meta":{"ngg_post_thumbnail":0,"footnotes":""},"class_list":["post-595","page","type-page","status-publish","hentry"],"_links":{"self":[{"href":"https:\/\/praxis-weissenhorner.de\/index.php?rest_route=\/wp\/v2\/pages\/595"}],"collection":[{"href":"https:\/\/praxis-weissenhorner.de\/index.php?rest_route=\/wp\/v2\/pages"}],"about":[{"href":"https:\/\/praxis-weissenhorner.de\/index.php?rest_route=\/wp\/v2\/types\/page"}],"author":[{"embeddable":true,"href":"https:\/\/praxis-weissenhorner.de\/index.php?rest_route=\/wp\/v2\/users\/1"}],"replies":[{"embeddable":true,"href":"https:\/\/praxis-weissenhorner.de\/index.php?rest_route=%2Fwp%2Fv2%2Fcomments&post=595"}],"version-history":[{"count":2,"href":"https:\/\/praxis-weissenhorner.de\/index.php?rest_route=\/wp\/v2\/pages\/595\/revisions"}],"predecessor-version":[{"id":657,"href":"https:\/\/praxis-weissenhorner.de\/index.php?rest_route=\/wp\/v2\/pages\/595\/revisions\/657"}],"wp:attachment":[{"href":"https:\/\/praxis-weissenhorner.de\/index.php?rest_route=%2Fwp%2Fv2%2Fmedia&parent=595"}],"curies":[{"name":"wp","href":"https:\/\/api.w.org\/{rel}","templated":true}]}}