{"id":49,"date":"2018-07-10T11:58:14","date_gmt":"2018-07-10T09:58:14","guid":{"rendered":"http:\/\/praxis-weissenhorner.de\/?page_id=49"},"modified":"2019-05-02T12:49:03","modified_gmt":"2019-05-02T10:49:03","slug":"erstkontakt","status":"publish","type":"page","link":"https:\/\/praxis-weissenhorner.de\/?page_id=49","title":{"rendered":"Ihr Weg zu uns"},"content":{"rendered":"\n<h2 class=\"wp-block-heading\">Wie bekomme ich einen Termin?<\/h2>\n\n\n\n<p>Die Kontaktaufnahme f\u00fcr einen ersten Termin ist bei uns in der Praxis telefonisch oder \u00fcber E-Mail&nbsp; m\u00f6glich.<\/p>\n\n\n\n<p>Wenn Sie eine logop\u00e4dische Therapie in Anspruch nehmen m\u00f6chten oder Sie vermuten, dass Ihr Kind Schwierigkeiten bei der Sprachentwicklung hat, so sollten Sie dies im ersten Schritt mit Ihrem zust\u00e4ndigen Arzt besprechen. Bei Erwachsenen kann dies beispielsweise der Allgemeinarzt, Hals-Nasen-Ohren-Arzt oder Neurologe sein, bei Kindern ist dies in der Regel der Kinderarzt, Hals-Nasen-Ohren-Arzt oder Kieferorthop\u00e4de.<\/p>\n\n\n\n<p>Dieser stellt Ihnen eine entsprechende Heilmittelverordnung aus, mit der Sie in unserer logop\u00e4dischen Praxis die M\u00f6glichkeit haben, eine logop\u00e4dische Befundung zu bekommen bzw. eine entsprechende Therapie zu beginnen.<\/p>\n\n\n\n<p>Falls Sie unsicher sind, ob bei Ihnen oder Ihrem Kind eine logop\u00e4dische Therapie sinnvoll sein k\u00f6nnte, so stehen wir Ihnen gerne in einem Telefonat beratend zur Seite.<\/p>\n\n\n\n<p>Sollten Sie uns nicht pers\u00f6nlich erreichen, so rufen wir Sie gerne zur\u00fcck.<\/p>\n\n\n\n<h2 class=\"wp-block-heading\">Wer bezahlt die logop\u00e4dische Behandlung?<\/h2>\n\n\n\n<p>Die Kosten f\u00fcr eine logop\u00e4dische Behandlung werden im Regelfall von den gesetzlichen und privaten Krankenkassen getragen. Voraussetzung daf\u00fcr ist eine g\u00fcltige Heilmittelverordnung, die durch den zust\u00e4ndigen Arzt (z.B. Kinderarzt, Allgemeinarzt, HNO etc.) ausgestellt wurde.<\/p>\n\n\n\n<p>Je nach Krankenkasse kann eine Zuzahlung durch den Patienten erforderlich sein.<br>Davon ausgenommen sind gesetzlich versicherte Patienten unter 18 Jahren sowie Patienten mit einer Zuzahlungsbefreiung ihrer Krankenkasse.<\/p>\n\n\n\n<h2 class=\"wp-block-heading\">Der erste Termin<\/h2>\n\n\n\n<p>Bei Ihrem ersten Termin in unserer Praxis findet zun\u00e4chst ein pers\u00f6nliches Kennenlernen und gegenseitiger Austausch mit der Therapeutin statt.<\/p>\n\n\n\n<p>Wir machen uns zun\u00e4chst ein Bild \u00fcber die aktuellen Schwierigkeiten und erfragen unterschiedliche Informationen, die uns helfen, die Gesamtsituation besser einzusch\u00e4tzen. Wir entscheiden im Einzelfall, welche Testverfahren notwendig sind, um eine individuelle Therapieplanung f\u00fcr den Patienten zu erstellen.<\/p>\n\n\n\n<p>Bei Kindern erbitten wir die Teilnahme der Eltern, um gemeinsam mit ihnen die notwendigen Informationen zu sammeln. Dazu schicken wir Ihnen bereits vor Therapiebeginn einen Fragebogen zu, in dem wir Sie um Ausk\u00fcnfte zur fr\u00fchkindlichen Entwicklung sowie zu den St\u00e4rken und Schw\u00e4chen Ihres Kindes bitten. Danach f\u00fchren wir mit Ihrem Kind entsprechend seinem Alter und der an uns gerichteten Fragestellung, verschiedene \u00dcberpr\u00fcfungen durch, um einen ersten therapeutischen Eindruck der sprachlichen F\u00e4higkeiten Ihres Kindes zu bekommen.<\/p>\n\n\n\n<p>Darauf aufbauend erl\u00e4utern wir den Eltern in einem beratenden Gespr\u00e4ch den aktuellen Sprachentwicklungsstand des Kindes und er\u00f6rtern gemeinsam M\u00f6glichkeiten und Ziele einer logop\u00e4dischen Therapie. Dabei ist uns eine enge und vertrauensvolle Zusammenarbeit mit den Eltern besonders wichtig, da nur so ein umfassender und nachhaltiger Therapieerfolg zu erreichen ist.<\/p>\n\n\n\n<p>F\u00fcr Eltern bieten wir im Rahmen unserer Therapie und individuellen Betreuung umfangreiche Beratungsgespr\u00e4che an. Dabei k\u00f6nnen s\u00e4mtliche offene Fragen umfassend beantwortet werden. Wir m\u00f6chten Sie auch dabei unterst\u00fctzen, verf\u00fcgbare F\u00f6rderm\u00f6glichkeiten au\u00dferhalb der Therapiestunden zu nutzen.<\/p>\n","protected":false},"excerpt":{"rendered":"<p>Wie bekomme ich einen Termin? Die Kontaktaufnahme f\u00fcr einen ersten Termin ist bei uns in der Praxis telefonisch oder \u00fcber E-Mail&nbsp; m\u00f6glich. Wenn Sie eine logop\u00e4dische Therapie in Anspruch nehmen m\u00f6chten oder Sie vermuten, dass Ihr Kind Schwierigkeiten bei der Sprachentwicklung hat, so sollten Sie dies im ersten Schritt mit&#8230;<\/p>\n<p> <a class=\"continue-reading-link\" href=\"https:\/\/praxis-weissenhorner.de\/?page_id=49\"><span>Continue reading<\/span><i class=\"crycon-right-dir\"><\/i><\/a> <\/p>\n","protected":false},"author":1,"featured_media":0,"parent":0,"menu_order":0,"comment_status":"closed","ping_status":"closed","template":"","meta":{"ngg_post_thumbnail":0,"footnotes":""},"class_list":["post-49","page","type-page","status-publish","hentry"],"_links":{"self":[{"href":"https:\/\/praxis-weissenhorner.de\/index.php?rest_route=\/wp\/v2\/pages\/49"}],"collection":[{"href":"https:\/\/praxis-weissenhorner.de\/index.php?rest_route=\/wp\/v2\/pages"}],"about":[{"href":"https:\/\/praxis-weissenhorner.de\/index.php?rest_route=\/wp\/v2\/types\/page"}],"author":[{"embeddable":true,"href":"https:\/\/praxis-weissenhorner.de\/index.php?rest_route=\/wp\/v2\/users\/1"}],"replies":[{"embeddable":true,"href":"https:\/\/praxis-weissenhorner.de\/index.php?rest_route=%2Fwp%2Fv2%2Fcomments&post=49"}],"version-history":[{"count":9,"href":"https:\/\/praxis-weissenhorner.de\/index.php?rest_route=\/wp\/v2\/pages\/49\/revisions"}],"predecessor-version":[{"id":469,"href":"https:\/\/praxis-weissenhorner.de\/index.php?rest_route=\/wp\/v2\/pages\/49\/revisions\/469"}],"wp:attachment":[{"href":"https:\/\/praxis-weissenhorner.de\/index.php?rest_route=%2Fwp%2Fv2%2Fmedia&parent=49"}],"curies":[{"name":"wp","href":"https:\/\/api.w.org\/{rel}","templated":true}]}}