{"id":45,"date":"2018-07-10T11:52:20","date_gmt":"2018-07-10T09:52:20","guid":{"rendered":"http:\/\/praxis-weissenhorner.de\/?page_id=45"},"modified":"2024-10-25T14:16:16","modified_gmt":"2024-10-25T12:16:16","slug":"herzlich-willkommen","status":"publish","type":"page","link":"https:\/\/praxis-weissenhorner.de\/","title":{"rendered":"Herzlich willkommen in meiner Praxis"},"content":{"rendered":"\n<p><\/p>\n\n\n\n<div class=\"wp-block-columns is-layout-flex wp-container-core-columns-is-layout-1 wp-block-columns-is-layout-flex\">\n<div class=\"wp-block-column is-layout-flow wp-block-column-is-layout-flow\">\n<figure class=\"wp-block-image size-large\"><img loading=\"lazy\" decoding=\"async\" width=\"768\" height=\"1024\" src=\"https:\/\/praxis-weissenhorner.de\/wp-content\/uploads\/2024\/10\/IMG_20240607_174647-768x1024.jpg\" alt=\"\" class=\"wp-image-624\" srcset=\"https:\/\/praxis-weissenhorner.de\/wp-content\/uploads\/2024\/10\/IMG_20240607_174647-768x1024.jpg 768w, https:\/\/praxis-weissenhorner.de\/wp-content\/uploads\/2024\/10\/IMG_20240607_174647-225x300.jpg 225w, https:\/\/praxis-weissenhorner.de\/wp-content\/uploads\/2024\/10\/IMG_20240607_174647-1152x1536.jpg 1152w, https:\/\/praxis-weissenhorner.de\/wp-content\/uploads\/2024\/10\/IMG_20240607_174647-1536x2048.jpg 1536w, https:\/\/praxis-weissenhorner.de\/wp-content\/uploads\/2024\/10\/IMG_20240607_174647-113x150.jpg 113w, https:\/\/praxis-weissenhorner.de\/wp-content\/uploads\/2024\/10\/IMG_20240607_174647-1200x1600.jpg 1200w, https:\/\/praxis-weissenhorner.de\/wp-content\/uploads\/2024\/10\/IMG_20240607_174647-scaled.jpg 1920w\" sizes=\"(max-width: 768px) 100vw, 768px\" \/><\/figure>\n<\/div>\n\n\n\n<div class=\"wp-block-column is-layout-flow wp-block-column-is-layout-flow\">\n<p><\/p>\n\n\n\n<p>Seit 25 Jahren besch\u00e4ftige ich mich mit den Themen Sprache, Sprechen, H\u00f6ren, Schlucken und Stimme.<\/p>\n\n\n\n<p>Verschiedene Zusatzqualifikationen haben mein logop\u00e4disches Wissen und Arbeiten vertieft, erweitert und bereichert.<\/p>\n\n\n\n<p>Ich freue mich, Sie oder Ihr Kind auf einem kommunikativen Entwicklungsweg begleiten zu d\u00fcrfen.<\/p>\n<\/div>\n<\/div>\n\n\n\n<p><\/p>\n\n\n\n<p><\/p>\n","protected":false},"excerpt":{"rendered":"<p>Seit 25 Jahren besch\u00e4ftige ich mich mit den Themen Sprache, Sprechen, H\u00f6ren, Schlucken und Stimme. Verschiedene Zusatzqualifikationen haben mein logop\u00e4disches Wissen und Arbeiten vertieft, erweitert und bereichert. Ich freue mich, Sie oder Ihr Kind auf einem kommunikativen Entwicklungsweg begleiten zu d\u00fcrfen.<\/p>\n<p> <a class=\"continue-reading-link\" href=\"https:\/\/praxis-weissenhorner.de\/\"><span>Continue reading<\/span><i class=\"crycon-right-dir\"><\/i><\/a> <\/p>\n","protected":false},"author":1,"featured_media":0,"parent":0,"menu_order":0,"comment_status":"closed","ping_status":"closed","template":"","meta":{"ngg_post_thumbnail":0,"footnotes":""},"class_list":["post-45","page","type-page","status-publish","hentry"],"_links":{"self":[{"href":"https:\/\/praxis-weissenhorner.de\/index.php?rest_route=\/wp\/v2\/pages\/45"}],"collection":[{"href":"https:\/\/praxis-weissenhorner.de\/index.php?rest_route=\/wp\/v2\/pages"}],"about":[{"href":"https:\/\/praxis-weissenhorner.de\/index.php?rest_route=\/wp\/v2\/types\/page"}],"author":[{"embeddable":true,"href":"https:\/\/praxis-weissenhorner.de\/index.php?rest_route=\/wp\/v2\/users\/1"}],"replies":[{"embeddable":true,"href":"https:\/\/praxis-weissenhorner.de\/index.php?rest_route=%2Fwp%2Fv2%2Fcomments&post=45"}],"version-history":[{"count":32,"href":"https:\/\/praxis-weissenhorner.de\/index.php?rest_route=\/wp\/v2\/pages\/45\/revisions"}],"predecessor-version":[{"id":697,"href":"https:\/\/praxis-weissenhorner.de\/index.php?rest_route=\/wp\/v2\/pages\/45\/revisions\/697"}],"wp:attachment":[{"href":"https:\/\/praxis-weissenhorner.de\/index.php?rest_route=%2Fwp%2Fv2%2Fmedia&parent=45"}],"curies":[{"name":"wp","href":"https:\/\/api.w.org\/{rel}","templated":true}]}}