{"id":31,"date":"2018-07-10T11:14:02","date_gmt":"2018-07-10T09:14:02","guid":{"rendered":"http:\/\/praxis-weissenhorner.de\/?page_id=31"},"modified":"2024-10-12T20:19:38","modified_gmt":"2024-10-12T18:19:38","slug":"impressum","status":"publish","type":"page","link":"https:\/\/praxis-weissenhorner.de\/?page_id=31","title":{"rendered":"Impressum"},"content":{"rendered":"\n<p>Dienstanbieter im Sinne von \u00a7 5 TMG:<\/p>\n\n\n\n<p>Praxis f\u00fcr Logop\u00e4die<br>Tatjana Wei\u00dfenhorner<br>Stauffenbergstr. 5, 89233 Neu-Ulm\/Pfuhl<br>Telefon:&nbsp;0731 \/ 711 01 944<br>Telefax:&nbsp; 0731 \/ 711 01 945<br>E-Mail: info@praxis-weissenhorner.de<br>Internetadresse:www.praxis-weissenhorner.de&nbsp;<\/p>\n\n\n\n<p>Berufsbezeichnung: Logop\u00e4din<br>Aufsichtsbeh\u00f6rde:&nbsp;\u00d6ffentlicher Gesundheitsdienst<br>Landratsamt Neu-Ulm<br>Kantstrasse 8<br>89231 Neu-Ulm&nbsp;<\/p>\n\n\n\n<h4 class=\"wp-block-heading\">Berufsrechtliche Regelungen:<\/h4>\n\n\n\n<p>Gesetz \u00fcber den Beruf der Logop\u00e4den \u2013 LogopG <a href=\"https:\/\/www.gesetze-im-internet.de\/logopg\/index.html\">https:\/\/www.gesetze-im-internet.de\/logopg\/index.html<\/a><\/p>\n\n\n\n<h4 class=\"wp-block-heading\">Berufshaftpflichtversicherung:<\/h4>\n\n\n\n<p>Die Continentale, 44119 Dortmund<\/p>\n\n\n\n<h4 class=\"wp-block-heading\">Online-Streitschlichtung (ODR- Verordnung):<\/h4>\n\n\n\n<p>Die Europ\u00e4ische Kommission stellt eine Plattform f\u00fcr die au\u00dfergerichtliche Online-Streitbeilegung (OSPlattform) bereit, die unter <a href=\"http:\/\/www.ec.europa.eu\/consumers\/odr\">www.ec.europa.eu\/consumers\/odr<\/a> aufrufbar ist.<\/p>\n\n\n\n<p>Ich bin weder verpflichtet noch bereit, an dem Streitschlichtungsverfahren teilzunehmen.<\/p>\n\n\n\n<h4 class=\"wp-block-heading\">Hinweis nach dem Verbraucherstreitbeilegungsgesetz (VSBG):<\/h4>\n\n\n\n<p>Ich bin nicht bereit und nicht verpflichtet an Streitbeilegungsverfahren vor einer Verbraucherschlichtungsstelle im Sinne des Verbraucherstreitbeilegungsgesetzes teilzunehmen.<\/p>\n\n\n\n<h4 class=\"wp-block-heading\">Haftungsausschluss:<\/h4>\n\n\n\n<p>Haftung f\u00fcr Inhalte<\/p>\n\n\n\n<p>Jegliche Inhalte meiner Website wurden mit gr\u00f6\u00dfter Sorgfalt erstellt. Allerdings kann ich f\u00fcr die Richtigkeit, Vollst\u00e4ndigkeit und Aktualit\u00e4t der Inhalte keine Gew\u00e4hr \u00fcbernehmen.<\/p>\n\n\n\n<p>Ich bin gem\u00e4\u00df \u00a7 7 Abs.1 TMG f\u00fcr eigene Inhalte auf diesen Seiten gesetzlich verantwortlich. Nach \u00a7\u00a7 8 bis 10 TMG bin ich jedoch nicht verpflichtet, \u00fcbermittelte oder gespeicherte fremde Informationen zu \u00fcberwachen oder nach Umst\u00e4nden zu forschen, die auf eine rechtswidrige T\u00e4tigkeit hinweisen. Gesetzliche Verpflichtungen zur Entfernung oder Sperrung der Nutzung bleiben hiervon unber\u00fchrt. Bei Bekanntwerden von entsprechenden Rechtsverletzungen werde ich diese Inhalte umgehend entfernen.<\/p>\n\n\n\n<h4 class=\"wp-block-heading\">Haftung f\u00fcr Links<\/h4>\n\n\n\n<p>Diese Website enth\u00e4lt Links zu externen Webseiten Dritter, auf deren Inhalte ich keinen Einfluss habe. Deshalb kann ich f\u00fcr diese fremden Inhalte keine Gew\u00e4hr \u00fcbernehmen. F\u00fcr die Inhalte der von mir verlinkten Seiten ist der jeweilige Betreiber der entsprechenden Webseiten verantwortlich. Die verlinkten Seiten wurden zum Zeitpunkt der Verlinkung auf m\u00f6gliche Rechtsverst\u00f6\u00dfe \u00fcberpr\u00fcft. Rechtswidrige Inhalte waren f\u00fcr mich zum Zeitpunkt der Verlinkung nicht erkennbar. Bei Bekanntwerden von Rechtsverletzungen werde ich derartige Links unverz\u00fcglich entfernen.<\/p>\n\n\n\n<h4 class=\"wp-block-heading\">Urheberrecht<\/h4>\n\n\n\n<p>Die durch mich erstellten Inhalte und Werke auf meinen Seiten unterliegen dem Urheberrecht. Die Vervielf\u00e4ltigung, Bearbeitung, Verbreitung und jede Art der Verwertung au\u00dferhalb der Grenzen des Urheberrechtes bed\u00fcrfen der schriftlichen Einwilligung des Erstellers. Soweit die Inhalte auf meinen Seiten nicht von mir erstellt wurden, werden die Urheberrechte Dritter beachtet. Insbesondere kennzeichne ich Inhalte Dritter als solche. Bei Bekanntwerden von Rechtsverletzungen werde ich derartige Inhalte umgehend entfernen.<\/p>\n\n\n\n<h4 class=\"wp-block-heading\">Datenschutz:<\/h4>\n\n\n\n<p>Ich weise Sie darauf hin, dass die Daten\u00fcbertragung im Internet Sicherheitsl\u00fccken aufweisen kann. Ein l\u00fcckenloser Schutz der Daten bzw. Ihrer Daten vor dem Zugriff durch Dritte ist nicht m\u00f6glich.<\/p>\n\n\n\n<p>Der Nutzung von im Rahmen der Impressumspflicht von mir ver\u00f6ffentlichten Kontaktdaten durch Dritte zur \u00dcbersendung von nicht ausdr\u00fccklich angeforderter Werbung und Informationsmaterialien wird hiermit ausdr\u00fccklich widersprochen. Ich behalte mir ausdr\u00fccklich rechtliche Schritte im Falle der unverlangten Zusendung von Werbeinformationen vor. Dies gilt auch f\u00fcr Spam-E-Mails.<\/p>\n\n\n\n<p><em>Weitere<\/em> <em>Informationen<\/em> <em>finden<\/em> <em>Sie<\/em> <em>in<\/em> <em>meiner<\/em> <em><a href=\"https:\/\/praxis-weissenhorner.de\/?page_id=36\">Datenschutzinformation.<\/a><\/em><\/p>\n","protected":false},"excerpt":{"rendered":"<p>Dienstanbieter im Sinne von \u00a7 5 TMG: Praxis f\u00fcr Logop\u00e4dieTatjana Wei\u00dfenhornerStauffenbergstr. 5, 89233 Neu-Ulm\/PfuhlTelefon:&nbsp;0731 \/ 711 01 944Telefax:&nbsp; 0731 \/ 711 01 945E-Mail: info@praxis-weissenhorner.deInternetadresse:www.praxis-weissenhorner.de&nbsp; Berufsbezeichnung: Logop\u00e4dinAufsichtsbeh\u00f6rde:&nbsp;\u00d6ffentlicher GesundheitsdienstLandratsamt Neu-UlmKantstrasse 889231 Neu-Ulm&nbsp; Berufsrechtliche Regelungen: Gesetz \u00fcber den Beruf der Logop\u00e4den \u2013 LogopG https:\/\/www.gesetze-im-internet.de\/logopg\/index.html Berufshaftpflichtversicherung: Die Continentale, 44119 Dortmund Online-Streitschlichtung (ODR- Verordnung): Die&#8230;<\/p>\n<p> <a class=\"continue-reading-link\" href=\"https:\/\/praxis-weissenhorner.de\/?page_id=31\"><span>Continue reading<\/span><i class=\"crycon-right-dir\"><\/i><\/a> <\/p>\n","protected":false},"author":1,"featured_media":0,"parent":0,"menu_order":0,"comment_status":"closed","ping_status":"closed","template":"","meta":{"ngg_post_thumbnail":0,"footnotes":""},"class_list":["post-31","page","type-page","status-publish","hentry"],"_links":{"self":[{"href":"https:\/\/praxis-weissenhorner.de\/index.php?rest_route=\/wp\/v2\/pages\/31"}],"collection":[{"href":"https:\/\/praxis-weissenhorner.de\/index.php?rest_route=\/wp\/v2\/pages"}],"about":[{"href":"https:\/\/praxis-weissenhorner.de\/index.php?rest_route=\/wp\/v2\/types\/page"}],"author":[{"embeddable":true,"href":"https:\/\/praxis-weissenhorner.de\/index.php?rest_route=\/wp\/v2\/users\/1"}],"replies":[{"embeddable":true,"href":"https:\/\/praxis-weissenhorner.de\/index.php?rest_route=%2Fwp%2Fv2%2Fcomments&post=31"}],"version-history":[{"count":20,"href":"https:\/\/praxis-weissenhorner.de\/index.php?rest_route=\/wp\/v2\/pages\/31\/revisions"}],"predecessor-version":[{"id":653,"href":"https:\/\/praxis-weissenhorner.de\/index.php?rest_route=\/wp\/v2\/pages\/31\/revisions\/653"}],"wp:attachment":[{"href":"https:\/\/praxis-weissenhorner.de\/index.php?rest_route=%2Fwp%2Fv2%2Fmedia&parent=31"}],"curies":[{"name":"wp","href":"https:\/\/api.w.org\/{rel}","templated":true}]}}