{"id":209,"date":"2019-03-18T21:15:09","date_gmt":"2019-03-18T19:15:09","guid":{"rendered":"http:\/\/praxis-weissenhorner.de\/?page_id=209"},"modified":"2019-04-30T20:00:47","modified_gmt":"2019-04-30T18:00:47","slug":"pflegeheime-seniorenheime","status":"publish","type":"page","link":"https:\/\/praxis-weissenhorner.de\/?page_id=209","title":{"rendered":"Pflegeheime \u2013 Seniorenheime"},"content":{"rendered":"\n<h2 class=\"wp-block-heading\">Dysphagie \u2013 Schluckst\u00f6rungen (vierst\u00fcndige Fortbildung) <\/h2>\n\n\n<p>Sicher sehen Sie in Ihrem beruflichen Alltag immer wieder Menschen mit Schwierigkeiten beim Essen. Diese Menschen haben Probleme das Essen zu kauen, zu schlucken oder verweigern das Essen ganz.<br>Wie k\u00f6nnen Sie diesen Menschen helfen?<br>Welche Strategien k\u00f6nnten daf\u00fcr sorgen, dass Betroffene wieder gerne essen und trinken?<\/p>\n<p>Denn: Essen und trinken ist Lebensqualit\u00e4t!<\/p>\n<p>Durch das nat\u00fcrliche Altern oder Erkrankungen kann das Essen zu einer Herausforderung oder sogar zur Gefahr werden.Sicherheit im Umgang mit Menschen mit Schluckst\u00f6rungen ist daher in Ihrem Alltag f\u00fcr Sie und die zu betreuenden Menschen entscheidend.<\/p>\n<p>In einer halbt\u00e4gigen Fortbildung gibt es Raum und Zeit die Physiologie und Pathologie des Schluckens zu verstehen und Konsequenzen f\u00fcr den Umgang damit abzuleiten.<br>Sie erproben praktische Hilfen und lernen anhand eines Schnelltests das Schlucken einzusch\u00e4tzen.<\/p>\n<p>Mit vielen \u00dcbungen und Rollenspielen k\u00f6nnen Sie das neue und aufgefrischte Wissen gleich in Ihren Alltag \u00fcbertragen!<\/p>\n<p>Wir w\u00fcrden uns \u00fcber gemeinsame Stunden mit Ihrem Team freuen!<\/p>\n<p>&nbsp;<\/p>\n<p><span style=\"color: #ffcc00;\">Preis auf Anfrage<\/span><\/p>","protected":false},"excerpt":{"rendered":"<p>Dysphagie \u2013 Schluckst\u00f6rungen (vierst\u00fcndige Fortbildung) Sicher sehen Sie in Ihrem beruflichen Alltag immer wieder Menschen mit Schwierigkeiten beim Essen. Diese Menschen haben Probleme das Essen zu kauen, zu schlucken oder verweigern das Essen ganz.Wie k\u00f6nnen Sie diesen Menschen helfen?Welche Strategien k\u00f6nnten daf\u00fcr sorgen, dass Betroffene wieder gerne essen und trinken?&#8230;<\/p>\n<p> <a class=\"continue-reading-link\" href=\"https:\/\/praxis-weissenhorner.de\/?page_id=209\"><span>Continue reading<\/span><i class=\"crycon-right-dir\"><\/i><\/a> <\/p>\n","protected":false},"author":1,"featured_media":0,"parent":205,"menu_order":0,"comment_status":"closed","ping_status":"closed","template":"","meta":{"ngg_post_thumbnail":0,"footnotes":""},"class_list":["post-209","page","type-page","status-publish","hentry"],"_links":{"self":[{"href":"https:\/\/praxis-weissenhorner.de\/index.php?rest_route=\/wp\/v2\/pages\/209"}],"collection":[{"href":"https:\/\/praxis-weissenhorner.de\/index.php?rest_route=\/wp\/v2\/pages"}],"about":[{"href":"https:\/\/praxis-weissenhorner.de\/index.php?rest_route=\/wp\/v2\/types\/page"}],"author":[{"embeddable":true,"href":"https:\/\/praxis-weissenhorner.de\/index.php?rest_route=\/wp\/v2\/users\/1"}],"replies":[{"embeddable":true,"href":"https:\/\/praxis-weissenhorner.de\/index.php?rest_route=%2Fwp%2Fv2%2Fcomments&post=209"}],"version-history":[{"count":6,"href":"https:\/\/praxis-weissenhorner.de\/index.php?rest_route=\/wp\/v2\/pages\/209\/revisions"}],"predecessor-version":[{"id":425,"href":"https:\/\/praxis-weissenhorner.de\/index.php?rest_route=\/wp\/v2\/pages\/209\/revisions\/425"}],"up":[{"embeddable":true,"href":"https:\/\/praxis-weissenhorner.de\/index.php?rest_route=\/wp\/v2\/pages\/205"}],"wp:attachment":[{"href":"https:\/\/praxis-weissenhorner.de\/index.php?rest_route=%2Fwp%2Fv2%2Fmedia&parent=209"}],"curies":[{"name":"wp","href":"https:\/\/api.w.org\/{rel}","templated":true}]}}