{"id":205,"date":"2019-03-18T21:12:41","date_gmt":"2019-03-18T19:12:41","guid":{"rendered":"http:\/\/praxis-weissenhorner.de\/?page_id=205"},"modified":"2019-03-18T21:18:04","modified_gmt":"2019-03-18T19:18:04","slug":"fortbildungen","status":"publish","type":"page","link":"https:\/\/praxis-weissenhorner.de\/?page_id=205","title":{"rendered":"Fortbildungen"},"content":{"rendered":"<h2><strong>Fortbildungsangebote f\u00fcr soziale Einrichtungen<\/strong><\/h2>\n<h3><strong>Kindergarten<\/strong><\/h3>\n<p>In unserer Fortbildung \u201e<em>Wie Sprache entsteht und sich entwickelt<\/em>\u201c geht es darum, Kinder im Kindergartenalltag zu f\u00f6rdern und einsch\u00e4tzen zu lernen, wann ein Kind mehr sprachspezifische Unterst\u00fctzung braucht.<\/p>\n<p>Wir w\u00fcrden uns \u00fcber gemeinsame Stunden mit Ihrem Team freuen!<\/p>\n<p>&#8230;&#8230;<\/p>\n<h3><strong>Dysphagie \u2013 Schluckst\u00f6rungen (vierst\u00fcndige Fortbildung)<\/strong><\/h3>\n<p>Sicher sehen Sie in Ihrem beruflichen Alltag immer wieder Menschen mit Schwierigkeiten beim Essen. Diese Menschen haben Probleme das Essen zu kauen, zu schlucken oder verweigern das Essen ganz.<\/p>\n<p>Wie k\u00f6nnen Sie diesen Menschen helfen?<\/p>\n<p>Welche Strategien k\u00f6nnten daf\u00fcr sorgen, dass Betroffene wieder gerne essen und trinken?<\/p>\n<p>&#8230;&#8230;<\/p>\n","protected":false},"excerpt":{"rendered":"<p>Fortbildungsangebote f\u00fcr soziale Einrichtungen Kindergarten In unserer Fortbildung \u201eWie Sprache entsteht und sich entwickelt\u201c geht es darum, Kinder im Kindergartenalltag zu f\u00f6rdern und einsch\u00e4tzen zu lernen, wann ein Kind mehr sprachspezifische Unterst\u00fctzung braucht. Wir w\u00fcrden uns \u00fcber gemeinsame Stunden mit Ihrem Team freuen! &#8230;&#8230; Dysphagie \u2013 Schluckst\u00f6rungen (vierst\u00fcndige Fortbildung) Sicher&#8230;<\/p>\n<p> <a class=\"continue-reading-link\" href=\"https:\/\/praxis-weissenhorner.de\/?page_id=205\"><span>Continue reading<\/span><i class=\"crycon-right-dir\"><\/i><\/a> <\/p>\n","protected":false},"author":1,"featured_media":0,"parent":0,"menu_order":0,"comment_status":"closed","ping_status":"closed","template":"","meta":{"ngg_post_thumbnail":0,"footnotes":""},"class_list":["post-205","page","type-page","status-publish","hentry"],"_links":{"self":[{"href":"https:\/\/praxis-weissenhorner.de\/index.php?rest_route=\/wp\/v2\/pages\/205"}],"collection":[{"href":"https:\/\/praxis-weissenhorner.de\/index.php?rest_route=\/wp\/v2\/pages"}],"about":[{"href":"https:\/\/praxis-weissenhorner.de\/index.php?rest_route=\/wp\/v2\/types\/page"}],"author":[{"embeddable":true,"href":"https:\/\/praxis-weissenhorner.de\/index.php?rest_route=\/wp\/v2\/users\/1"}],"replies":[{"embeddable":true,"href":"https:\/\/praxis-weissenhorner.de\/index.php?rest_route=%2Fwp%2Fv2%2Fcomments&post=205"}],"version-history":[{"count":3,"href":"https:\/\/praxis-weissenhorner.de\/index.php?rest_route=\/wp\/v2\/pages\/205\/revisions"}],"predecessor-version":[{"id":215,"href":"https:\/\/praxis-weissenhorner.de\/index.php?rest_route=\/wp\/v2\/pages\/205\/revisions\/215"}],"wp:attachment":[{"href":"https:\/\/praxis-weissenhorner.de\/index.php?rest_route=%2Fwp%2Fv2%2Fmedia&parent=205"}],"curies":[{"name":"wp","href":"https:\/\/api.w.org\/{rel}","templated":true}]}}