{"id":14,"date":"2018-07-10T11:00:33","date_gmt":"2018-07-10T09:00:33","guid":{"rendered":"http:\/\/praxis-weissenhorner.de\/?page_id=14"},"modified":"2022-09-25T15:24:31","modified_gmt":"2022-09-25T13:24:31","slug":"t-dietzel","status":"publish","type":"page","link":"https:\/\/praxis-weissenhorner.de\/?page_id=14","title":{"rendered":"Teresa Dietzel"},"content":{"rendered":"<table width=\"800\" cellspacing=\"1\" cellpadding=\"1\" border=\"0\">\n<colgroup>\n<col width=\"800\"><\/colgroup>\n<tbody>\n<tr>\n<td>\n<h3 id=\"mce_5\" class=\"editor-rich-text__tinymce mce-content-body\" role=\"textbox\" aria-label=\"Schreibe \u00dcberschrift\u2026\" aria-autocomplete=\"list\" aria-multiline=\"true\" data-is-placeholder-visible=\"false\" contenteditable=\"true\">(staatlich anerkannte Logop\u00e4din)<\/h3>\n<\/td>\n<td>&nbsp;<\/td>\n<\/tr>\n<\/tbody>\n<\/table>\n\n\n<figure class=\"wp-block-image is-resized\"><img loading=\"lazy\" decoding=\"async\" src=\"http:\/\/praxis-weissenhorner.de\/wp-content\/uploads\/2019\/03\/033-2000x2000px-1024x1024.jpg\" alt=\"\" class=\"wp-image-283\" width=\"300\" height=\"300\"\/><\/figure>\n\n\n\n<p>\n<\/p>\n\n\n\n<figure class=\"wp-block-table\"><table><tbody><tr><td>2010\u20132013<\/td><td>Ausbildung zur Logop\u00e4din am Universit\u00e4tsklinikum T\u00fcbingen<\/td><\/tr><tr><td>2013\u20132014<\/td><td>Arbeit als angestellte Logop\u00e4din<\/td><\/tr><tr><td>seit April 2014<\/td><td>Arbeit als angestellte Logop\u00e4din in der Praxis f\u00fcr Logop\u00e4die Tatjana Wei\u00dfenhorner<\/td><\/tr><tr><td>2015\u20132017<\/td><td>berufsbegleitendes Studium &#8222;Logop\u00e4die \u2013 Angewandte Therapiewissenschaften (B.sc.)&#8220;<\/td><\/tr><tr><td>2018-2021<\/td><td>Lehrlogop\u00e4din an der IB Schule f\u00fcr Logop\u00e4die Ulm <\/td><\/tr><tr><td>seit M\u00e4rz 2021<\/td><td>Schulleitung der IB Schule f\u00fcr Logop\u00e4die Ulm <\/td><\/tr><tr><td>2020-2022<\/td><td>berufsbegleitendes Studium &#8222;Master of Speech Communication and Rhetoric&#8220; Universit\u00e4t Regensburg<\/td><\/tr><\/tbody><\/table><\/figure>\n\n\n\n<p>Sprache ist aus unserem Alltag nicht wegzudenken \u2013<\/p>\n\n\n\n<p>und wenn uns die Sprache fehlt oder uns das Sprechen schwer f\u00e4llt, \u00e4ndert sich dadurch oft unser vertrauter Alltag.<\/p>\n\n\n\n<p>In der Therapie erarbeiten wir gemeinsam Ziele, die Ihre Teilhabe am allt\u00e4glichen Leben positiv ver\u00e4ndert. Um Ihnen in der Therapie fundierte und aktuelle Therapieverfahren anzubieten, bilde ich mich stets fort. So kann ein f\u00fcr Sie oder Ihr Kind passendes Therapiekonzept ausgew\u00e4hlt werden.Kinder zur Entdeckung der Sprache anzuregen und mit ihnen gemeinsam in der Therapie Neues, sei es Laute, W\u00f6rter oder Satzstrukturen, zu entwickeln bereitet mir gro\u00dfe Freude und f\u00f6rdert die Teilhabe der Kinder in ihrem Alltag.<\/p>\n","protected":false},"excerpt":{"rendered":"<p>(staatlich anerkannte Logop\u00e4din) &nbsp; 2010\u20132013 Ausbildung zur Logop\u00e4din am Universit\u00e4tsklinikum T\u00fcbingen 2013\u20132014 Arbeit als angestellte Logop\u00e4din seit April 2014 Arbeit als angestellte Logop\u00e4din in der Praxis f\u00fcr Logop\u00e4die Tatjana Wei\u00dfenhorner 2015\u20132017 berufsbegleitendes Studium &#8222;Logop\u00e4die \u2013 Angewandte Therapiewissenschaften (B.sc.)&#8220; 2018-2021 Lehrlogop\u00e4din an der IB Schule f\u00fcr Logop\u00e4die Ulm seit M\u00e4rz 2021&#8230;<\/p>\n<p> <a class=\"continue-reading-link\" href=\"https:\/\/praxis-weissenhorner.de\/?page_id=14\"><span>Continue reading<\/span><i class=\"crycon-right-dir\"><\/i><\/a> <\/p>\n","protected":false},"author":1,"featured_media":0,"parent":12,"menu_order":0,"comment_status":"closed","ping_status":"closed","template":"","meta":{"ngg_post_thumbnail":0,"footnotes":""},"class_list":["post-14","page","type-page","status-publish","hentry"],"_links":{"self":[{"href":"https:\/\/praxis-weissenhorner.de\/index.php?rest_route=\/wp\/v2\/pages\/14"}],"collection":[{"href":"https:\/\/praxis-weissenhorner.de\/index.php?rest_route=\/wp\/v2\/pages"}],"about":[{"href":"https:\/\/praxis-weissenhorner.de\/index.php?rest_route=\/wp\/v2\/types\/page"}],"author":[{"embeddable":true,"href":"https:\/\/praxis-weissenhorner.de\/index.php?rest_route=\/wp\/v2\/users\/1"}],"replies":[{"embeddable":true,"href":"https:\/\/praxis-weissenhorner.de\/index.php?rest_route=%2Fwp%2Fv2%2Fcomments&post=14"}],"version-history":[{"count":28,"href":"https:\/\/praxis-weissenhorner.de\/index.php?rest_route=\/wp\/v2\/pages\/14\/revisions"}],"predecessor-version":[{"id":579,"href":"https:\/\/praxis-weissenhorner.de\/index.php?rest_route=\/wp\/v2\/pages\/14\/revisions\/579"}],"up":[{"embeddable":true,"href":"https:\/\/praxis-weissenhorner.de\/index.php?rest_route=\/wp\/v2\/pages\/12"}],"wp:attachment":[{"href":"https:\/\/praxis-weissenhorner.de\/index.php?rest_route=%2Fwp%2Fv2%2Fmedia&parent=14"}],"curies":[{"name":"wp","href":"https:\/\/api.w.org\/{rel}","templated":true}]}}